{"id":3,"date":"2019-07-05T11:15:14","date_gmt":"2019-07-05T11:15:14","guid":{"rendered":"http:\/\/ortho360.ro\/?page_id=3"},"modified":"2020-01-21T09:09:54","modified_gmt":"2020-01-21T09:09:54","slug":"politica-de-confidentialitate","status":"publish","type":"page","link":"https:\/\/ortho360.ro\/index.php\/politica-de-confidentialitate\/","title":{"rendered":"Politica de confiden\u021bialitate"},"content":{"rendered":"<div class=\"wpb-content-wrapper\"><p>[vc_row][vc_column][vc_column_text]<strong>Ultima actualizare: ianuarie 2019<\/strong><\/p>\n<p><strong>1. Introducere<\/strong><br \/>\nPrezenta Politic\u0103 privind fi\u0219ierele cookies se aplic\u0103 tuturor utilizatorilor paginii de internet www.ortho360.ro. Informa\u021biile prezentate \u00een continuare au ca scop informarea utilizatorilor acestei pagini de internet cu privire la plasarea, utilizarea \u0219i administrarea cookie-urilor de c\u0103tre\u00a0 SRL \u00een contextul navig\u0103rii utilizatorilor pe aceast\u0103 pagin\u0103 de internet.<\/p>\n<p><strong>2. Ce sunt cookie-urile?<\/strong><br \/>\nFolosim termenul \u201ecookie\u201d-uri pentru a ne referi la modulele cookie \u0219i la tehnologiile similare prin intermediul c\u0103rora pot fi colectate informa\u021bii \u00een mod automat.<br \/>\nUn \u201eInternet Cookie\u201d (termen cunoscut \u0219i sub denumirea de \u201ebrowser cookie\u201d sau \u201eHTTP cookie\u201d ori \u201ecookie\u201d) reprezint\u0103 un fi\u0219ier de mici dimensiuni, format din litere \u0219i numere, care va fi stocat pe computerul, terminalul mobil sau pe alte echipamente ale unui utilizator prin intermediul c\u0103rora se acceseaz\u0103 internetul.<br \/>\nCookie-urile sunt instalate prin solicitarea emis\u0103 de un web-server c\u0103tre un browser (de ex.: Internet Explorer, Firefox, Chrome). Cookie-urile odat\u0103 instalate au o durat\u0103 de existen\u021b\u0103 determinat\u0103, r\u0103m\u00e2n\u00e2nd \u201epasive\u201d, \u00een sensul c\u0103 nu con\u021bin programe software, viru\u0219i sau spyware \u0219i nu vor accesa informa\u021biile de pe hard driverul utilizatorului pe al c\u0103rui echipament au fost instalate.<br \/>\nUn cookie este format din dou\u0103 p\u0103r\u021bi: numele cookie-ului \u0219i con\u021binutul sau valoarea cookie-ului.<br \/>\nDin punct de vedere tehnic, doar web-serverul care a trimis cookie-ul \u00eel poate accesa din nou \u00een momentul \u00een care un utilizator se \u00eentoarce pe pagina de internet asociat\u0103 web-serverului respectiv.<\/p>\n<p><strong>3. Pentru ce scopuri sunt utilizate cookie-urile prin intermediul acestei pagini de internet:<\/strong><br \/>\nCookie-urile sunt utilizate pentru a furniza utilizatorilor acestei pagini de internet o experien\u021b\u0103 mai bun\u0103 de navigare \u0219i servicii adaptate nevoilor \u0219i interesului fiec\u0103rui utilizator \u00een parte \u0219i anume pentru:<br \/>\n\u2022 \u00eembun\u0103t\u0103\u021birea utiliz\u0103rii acestei pagini de internet, inclusiv prin identificarea oric\u0103ror erori care apar \u00een timpul vizit\u0103rii\/utiliz\u0103rii acesteia de c\u0103tre utilizatori;<br \/>\n\u2022 furnizarea de statistici anonime cu privire la modul \u00een care este utilizat\u0103 aceast\u0103 pagin\u0103 de internet c\u0103tre ORTHO 360 CMA SRL, \u00een calitate de de\u021bin\u0103tor al acestei pagini de internet;<br \/>\n\u2022 anticiparea unor eventuale bunuri care vor fi \u00een viitor puse la dispozi\u021bia utilizatorilor prin intermediul acestei pagini de internet, \u00een func\u021bie de serviciile \/ produsele accesate.<br \/>\nPe baza feedback-ului transmis prin cookie-uri \u00een leg\u0103tur\u0103 cu modul \u00een care se utilizeaz\u0103 aceast\u0103 pagin\u0103 de internet, ORTHO 360 CMA SRL poate adopta m\u0103suri pentru ca aceast\u0103 pagin\u0103 de internet s\u0103 fie mai eficient\u0103 \u0219i mai accesibil\u0103 pentru utilizatori.<br \/>\nAstfel, utilizarea cookie-urilor permite memorarea anumitor set\u0103ri\/preferin\u021be stabilite de c\u0103tre utilizatorii acestei pagini de internet, precum:<br \/>\n\u2022 limba \u00een care este vizualizat\u0103 o pagin\u0103 de internet;<br \/>\n\u2022 moneda \u00een care se exprim\u0103 anumite pre\u021buri sau tarife;<br \/>\n\u2022 facilitarea accesului \u00een contul utilizatorilor;<br \/>\n\u2022 postarea comentariilor pe site.<\/p>\n<p><strong>4. Care este durata de via\u021b\u0103 a cookie-urilor?<\/strong><br \/>\nDurata de via\u021b\u0103 a cookie-urilor poate varia semnificativ, depinz\u00e2nd de scopul pentru care este plasat. Exist\u0103 urm\u0103toarele categorii de cookie-uri care determin\u0103 \u0219i durata de via\u021b\u0103 a acestora:<br \/>\n\u2022 Cookie-uri de sesiune \u2013 Un \u201ecookie de sesiune\u201d este un cookie care este \u0219ters automat c\u00e2nd utilizatorul \u00ee\u0219i \u00eenchide browserul.<br \/>\n\u2022 Cookie-uri persistente sau fixe \u2013 Un \u201ecookie persistent\u201d sau \u201efix\u201d este un cookie care r\u0103m\u00e2ne stocat \u00een terminalul utilizatorului p\u00e2n\u0103 c\u00e2nd atinge o anumit\u0103 dat\u0103 de expirare (care poate fi \u00een c\u00e2teva minute, zile sau c\u00e2\u021biva ani \u00een viitor) sau p\u00e2n\u0103 la \u0219tegerea acestuia de c\u0103tre utilizator \u00een orice moment prin intermediul set\u0103rilor browserului.<\/p>\n<p><strong>5. Ce sunt cookie-urile plasate de ter\u021bi?<\/strong><br \/>\nAnumite sec\u021biuni de con\u021binut de pe pagina de internet pot fi furnizate prin intermediul unor ter\u021bi, adic\u0103 nu de c\u0103tre ORTHO 360 CMA SRL, caz \u00een care aceste cookie-uri sunt denumite cookie-uri plasate de ter\u021bi (\u201ethird party cookie-uri\u201d).<br \/>\nTer\u021bii furnizori ai cookie-urilor trebuie s\u0103 respecte, de asemenea, regulile \u00een materie de protec\u021bie a datelor \u0219i Politica de Confiden\u021bialitate (https:\/\/ortho360.ro\/politica-de-confidentialitate\/) disponibil\u0103 pe aceast\u0103 pagin\u0103 de internet.<br \/>\nAceste cookie-uri pot proveni de la urmatorii ter\u021bi: Google Analytics, Facebook.<\/p>\n<p><strong>6. Ce cookie-uri sunt folosite prin intermediul acestei pagini de internet:<\/strong><br \/>\nPrin utilizarea\/vizitarea paginii de internet pot fi plasate urm\u0103toarele cookie-uri:<br \/>\na. Cookie-uri de performan\u021b\u0103 a paginii de internet;<br \/>\nb. Cookie-uri de analiz\u0103 a utilizatorilor;<br \/>\nc. Cookie-uri pentru geotargetting;<br \/>\nd. Cookie-uri de \u00eenregistrare;<br \/>\ne. Cookie-uri pentru publicitate;<br \/>\nf. Cookie-uri ale furnizorilor de publicitate;<\/p>\n<p>a. Cookie-uri de performan\u021b\u0103<br \/>\nPrin acest tip de cookie-uri sunt memorate preferin\u021bele utilizatorului acestei pagini de internet, astfel \u00eenc\u00e2t setarea din nou a preferin\u021belor \u00een cazul vizit\u0103rii ulterioare a paginii de internet nu mai este necesar\u0103.<\/p>\n<p>b. Cookie-uri de analiz\u0103 a utilizatorilor<br \/>\nAceste cookie-uri ne informeaz\u0103 dac\u0103 un anumit utilizator al paginii de internet a mai vizitat\/utilizat aceast\u0103 pagin\u0103 de internet anterior. Aceste cookie-uri sunt utilizate doar \u00een scopuri statistice.<\/p>\n<p>c. Cookie-uri pentru geotargetting<br \/>\nAceste cookie-uri sunt utilizate de c\u0103tre un soft care stabile\u0219te \u021bara de provenien\u021b\u0103 a utilizatorului paginii de internet. Vor fi primite acelea\u0219i reclame indiferent de limba selectat\u0103.<\/p>\n<p>d. Cookie-uri pentru \u00eenregistrare<br \/>\nAtunci c\u00e2nd v\u0103 \u00eenregistra\u021bi pe acest site, se genereaz\u0103 cookie-uri care memoreaz\u0103 acest demers. Serverele utilizeaz\u0103 aceste cookie-uri pentru a ne ar\u0103ta contul cu care sunte\u021bi \u00eenregistrat. De asemenea, utilizarea acestor cookie-uri permite s\u0103 asociem orice comentariu postat pe pagina de internet cu username-ul contului folosit. \u00cen cazul \u00een care nu a fost selectat\u0103 op\u021biunea \u201ep\u0103streaz\u0103-m\u0103 \u00eenregistrat\u201d, aceste cookie-uri se vor \u0219terge automat la momentul termin\u0103rii sesiunii de navigare.<\/p>\n<p>e. Cookie-uri pentru publicitate<br \/>\nAceste cookie-uri permit aflarea vizualiz\u0103rii de c\u0103tre un utilizator a unei reclame online, tipul acesteia \u0219i timpul scurs de la momentul vizualiz\u0103rii respectviului mesaj publicitar. Ca atare, astfel de cookie-uri sunt folosite pentru targetarea publicit\u0103\u021bii online. Aceste cookie-uri sunt anonime, stoc\u00e2nd informa\u021bii despre contentul vizualizat, nu \u0219i despre utilizatori.<\/p>\n<p><strong>7. Ce tip de informa\u021bii sunt stocate \u0219i accesate prin intermediul cookie-urilor?<\/strong><br \/>\nCookie-urile p\u0103streaz\u0103 informa\u021bii \u00eentr-un fi\u0219ier text de mici dimensiuni care permit recunoa\u0219terea browserului. Aceast\u0103 pagin\u0103 de internet recunoa\u0219te browserul p\u00e2n\u0103 c\u00e2nd cookie-urile expir\u0103 sau sunt \u0219terse.<\/p>\n<p><strong>8. Particularizarea set\u0103rile browserului \u00een ceea ce prive\u0219te cookie-urile<\/strong><br \/>\n\u00cen cazul \u00een care utilizarea cookie-urilor nu este deranjant\u0103 iar calculatorul sau echipamentul tehnic utilizat pentru navigarea pe aceast\u0103 pagin\u0103 de internet este folosit doar de c\u0103tre dumneavoastr\u0103, pot fi setate termene lungi de expirare pentru stocrarea istoricului de navigare.<br \/>\n\u00cen cazul \u00een care calculatorul sau echipamentul tehnic utilizat pentru navigarea pe aceast\u0103 pagin\u0103 de internet este folosit de mai multe persoane, poate fi luat\u0103 \u00een considerare setarea pentru \u0219tergerea datelor individuale de navigare de fiecare dat\u0103 c\u00e2nd browserul este \u00eenchis.<\/p>\n<p><strong>9. Cum pot fi oprite cookie-urile?<\/strong><br \/>\nDezactivarea \u0219i refuzul de a primi cookie-uri pot face aceast\u0103 pagin\u0103 de internet dificil de vizitat, atr\u0103g\u00e2nd dup\u0103 sine limit\u0103ri ale posibilit\u0103\u021bilor de utilizare ale acesteia.<br \/>\nUtilizatorii \u00ee\u0219i pot configura browserul s\u0103 resping\u0103 fi\u0219ierele cookie sau s\u0103 fie acceptate cookie-uri de la o pagin\u0103 de internet anume.<br \/>\nToate browserele moderne ofer\u0103 posibilitatea de a schimba set\u0103rile cookie-urilor. Aceste set\u0103ri pot fi accesate, ca regul\u0103, \u00een sec\u021biunea \u201eop\u021biuni\u201d sau \u00een meniul de \u201epreferin\u021be\u201d al browserului t\u0103u.<\/p>\n<p>Totu\u0219i, refuzarea sau dezactivarea cookie-urilor nu \u00eenseamn\u0103 c\u0103 nu ve\u021bi mai primi publicitate online \u2013 ci doar ca aceasta nu va fi adaptat\u0103 preferin\u021belor \u0219i interesele dumneavoastr\u0103, eviden\u021biate prin comportamentul de navigare.<br \/>\nPentru a \u00een\u021belege aceste set\u0103ri, urm\u0103toarele linkuri pot fi folositoare:<\/p>\n<p>&nbsp;<\/p>\n<ul>\n<li><a href=\"https:\/\/support.microsoft.com\/en-us\/help\/17442\/windows-internet-explorer-delete-manage-cookies\">Cookie settings in Internet Explorer<\/a><\/li>\n<li><a href=\"https:\/\/support.mozilla.org\/en-US\/kb\/enable-and-disable-cookies-website-preferences\">Cookie settings in Firefox<\/a><\/li>\n<li><a href=\"https:\/\/support.google.com\/chrome\/answer\/95647\">Cookie settings in Chrome<\/a><\/li>\n<li><a href=\"https:\/\/support.apple.com\/kb\/ph21411\">Cookie settings in Safari<\/a><\/li>\n<\/ul>\n<p>[\/vc_column_text][\/vc_column][\/vc_row]<\/p>\n<\/div>","protected":false},"excerpt":{"rendered":"<p>[vc_row][vc_column][vc_column_text]Ultima actualizare: ianuarie 2019 1. Introducere Prezenta Politic\u0103 privind fi\u0219ierele cookies se aplic\u0103 tuturor utilizatorilor paginii de internet www.ortho360.ro. Informa\u021biile prezentate \u00een continuare au ca scop informarea utilizatorilor acestei pagini de internet cu privire la plasarea, utilizarea \u0219i administrarea cookie-urilor de c\u0103tre\u00a0 SRL \u00een contextul navig\u0103rii utilizatorilor pe aceast\u0103 pagin\u0103 de internet. 2. Ce sunt&hellip;<\/p>\n","protected":false},"author":3,"featured_media":0,"parent":0,"menu_order":0,"comment_status":"closed","ping_status":"open","template":"","meta":{"inline_featured_image":false,"footnotes":""},"class_list":["post-3","page","type-page","status-publish","hentry","description-off"],"yoast_head":"<!-- This site is optimized with the Yoast SEO plugin v26.0 - https:\/\/yoast.com\/wordpress\/plugins\/seo\/ -->\n<title>Politica de confiden\u021bialitate - Ortho 360<\/title>\n<meta name=\"description\" content=\"Cabinet de ortodon\u021bie bac\u0103u. Tratamente personalizate de ortodon\u021bie.\" \/>\n<meta name=\"robots\" content=\"index, follow, max-snippet:-1, max-image-preview:large, max-video-preview:-1\" \/>\n<link rel=\"canonical\" href=\"https:\/\/ortho360.ro\/index.php\/politica-de-confidentialitate\/\" \/>\n<meta property=\"og:locale\" content=\"ro_RO\" \/>\n<meta property=\"og:type\" content=\"article\" \/>\n<meta property=\"og:title\" content=\"Politica de confiden\u021bialitate - Ortho 360\" \/>\n<meta property=\"og:description\" content=\"Cabinet de ortodon\u021bie bac\u0103u. Tratamente personalizate de ortodon\u021bie.\" \/>\n<meta property=\"og:url\" content=\"https:\/\/ortho360.ro\/index.php\/politica-de-confidentialitate\/\" \/>\n<meta property=\"og:site_name\" content=\"Ortho 360\" \/>\n<meta property=\"article:modified_time\" content=\"2020-01-21T09:09:54+00:00\" \/>\n<meta property=\"og:image\" content=\"https:\/\/ortho360.ro\/wp-content\/uploads\/2020\/01\/close-up-orthodontic-model-dentist-tool_60829-318.jpg\" \/>\n\t<meta property=\"og:image:width\" content=\"626\" \/>\n\t<meta property=\"og:image:height\" content=\"417\" \/>\n\t<meta property=\"og:image:type\" content=\"image\/jpeg\" \/>\n<meta name=\"twitter:card\" content=\"summary_large_image\" \/>\n<meta name=\"twitter:label1\" content=\"Timp estimat pentru citire\" \/>\n\t<meta name=\"twitter:data1\" content=\"6 minute\" \/>\n<script type=\"application\/ld+json\" class=\"yoast-schema-graph\">{\"@context\":\"https:\/\/schema.org\",\"@graph\":[{\"@type\":\"WebPage\",\"@id\":\"https:\/\/ortho360.ro\/index.php\/politica-de-confidentialitate\/\",\"url\":\"https:\/\/ortho360.ro\/index.php\/politica-de-confidentialitate\/\",\"name\":\"Politica de confiden\u021bialitate - Ortho 360\",\"isPartOf\":{\"@id\":\"https:\/\/ortho360.ro\/#website\"},\"datePublished\":\"2019-07-05T11:15:14+00:00\",\"dateModified\":\"2020-01-21T09:09:54+00:00\",\"description\":\"Cabinet de ortodon\u021bie bac\u0103u. Tratamente personalizate de ortodon\u021bie.\",\"breadcrumb\":{\"@id\":\"https:\/\/ortho360.ro\/index.php\/politica-de-confidentialitate\/#breadcrumb\"},\"inLanguage\":\"ro-RO\",\"potentialAction\":[{\"@type\":\"ReadAction\",\"target\":[\"https:\/\/ortho360.ro\/index.php\/politica-de-confidentialitate\/\"]}]},{\"@type\":\"BreadcrumbList\",\"@id\":\"https:\/\/ortho360.ro\/index.php\/politica-de-confidentialitate\/#breadcrumb\",\"itemListElement\":[{\"@type\":\"ListItem\",\"position\":1,\"name\":\"Home\",\"item\":\"https:\/\/ortho360.ro\/\"},{\"@type\":\"ListItem\",\"position\":2,\"name\":\"Politica de confiden\u021bialitate\"}]},{\"@type\":\"WebSite\",\"@id\":\"https:\/\/ortho360.ro\/#website\",\"url\":\"https:\/\/ortho360.ro\/\",\"name\":\"Ortho 360\",\"description\":\"\",\"potentialAction\":[{\"@type\":\"SearchAction\",\"target\":{\"@type\":\"EntryPoint\",\"urlTemplate\":\"https:\/\/ortho360.ro\/?s={search_term_string}\"},\"query-input\":{\"@type\":\"PropertyValueSpecification\",\"valueRequired\":true,\"valueName\":\"search_term_string\"}}],\"inLanguage\":\"ro-RO\"}]}<\/script>\n<!-- \/ Yoast SEO plugin. -->","yoast_head_json":{"title":"Politica de confiden\u021bialitate - Ortho 360","description":"Cabinet de ortodon\u021bie bac\u0103u. Tratamente personalizate de ortodon\u021bie.","robots":{"index":"index","follow":"follow","max-snippet":"max-snippet:-1","max-image-preview":"max-image-preview:large","max-video-preview":"max-video-preview:-1"},"canonical":"https:\/\/ortho360.ro\/index.php\/politica-de-confidentialitate\/","og_locale":"ro_RO","og_type":"article","og_title":"Politica de confiden\u021bialitate - Ortho 360","og_description":"Cabinet de ortodon\u021bie bac\u0103u. Tratamente personalizate de ortodon\u021bie.","og_url":"https:\/\/ortho360.ro\/index.php\/politica-de-confidentialitate\/","og_site_name":"Ortho 360","article_modified_time":"2020-01-21T09:09:54+00:00","og_image":[{"width":626,"height":417,"url":"https:\/\/ortho360.ro\/wp-content\/uploads\/2020\/01\/close-up-orthodontic-model-dentist-tool_60829-318.jpg","type":"image\/jpeg"}],"twitter_card":"summary_large_image","twitter_misc":{"Timp estimat pentru citire":"6 minute"},"schema":{"@context":"https:\/\/schema.org","@graph":[{"@type":"WebPage","@id":"https:\/\/ortho360.ro\/index.php\/politica-de-confidentialitate\/","url":"https:\/\/ortho360.ro\/index.php\/politica-de-confidentialitate\/","name":"Politica de confiden\u021bialitate - Ortho 360","isPartOf":{"@id":"https:\/\/ortho360.ro\/#website"},"datePublished":"2019-07-05T11:15:14+00:00","dateModified":"2020-01-21T09:09:54+00:00","description":"Cabinet de ortodon\u021bie bac\u0103u. Tratamente personalizate de ortodon\u021bie.","breadcrumb":{"@id":"https:\/\/ortho360.ro\/index.php\/politica-de-confidentialitate\/#breadcrumb"},"inLanguage":"ro-RO","potentialAction":[{"@type":"ReadAction","target":["https:\/\/ortho360.ro\/index.php\/politica-de-confidentialitate\/"]}]},{"@type":"BreadcrumbList","@id":"https:\/\/ortho360.ro\/index.php\/politica-de-confidentialitate\/#breadcrumb","itemListElement":[{"@type":"ListItem","position":1,"name":"Home","item":"https:\/\/ortho360.ro\/"},{"@type":"ListItem","position":2,"name":"Politica de confiden\u021bialitate"}]},{"@type":"WebSite","@id":"https:\/\/ortho360.ro\/#website","url":"https:\/\/ortho360.ro\/","name":"Ortho 360","description":"","potentialAction":[{"@type":"SearchAction","target":{"@type":"EntryPoint","urlTemplate":"https:\/\/ortho360.ro\/?s={search_term_string}"},"query-input":{"@type":"PropertyValueSpecification","valueRequired":true,"valueName":"search_term_string"}}],"inLanguage":"ro-RO"}]}},"_links":{"self":[{"href":"https:\/\/ortho360.ro\/index.php\/wp-json\/wp\/v2\/pages\/3","targetHints":{"allow":["GET"]}}],"collection":[{"href":"https:\/\/ortho360.ro\/index.php\/wp-json\/wp\/v2\/pages"}],"about":[{"href":"https:\/\/ortho360.ro\/index.php\/wp-json\/wp\/v2\/types\/page"}],"author":[{"embeddable":true,"href":"https:\/\/ortho360.ro\/index.php\/wp-json\/wp\/v2\/users\/3"}],"replies":[{"embeddable":true,"href":"https:\/\/ortho360.ro\/index.php\/wp-json\/wp\/v2\/comments?post=3"}],"version-history":[{"count":3,"href":"https:\/\/ortho360.ro\/index.php\/wp-json\/wp\/v2\/pages\/3\/revisions"}],"predecessor-version":[{"id":369,"href":"https:\/\/ortho360.ro\/index.php\/wp-json\/wp\/v2\/pages\/3\/revisions\/369"}],"wp:attachment":[{"href":"https:\/\/ortho360.ro\/index.php\/wp-json\/wp\/v2\/media?parent=3"}],"curies":[{"name":"wp","href":"https:\/\/api.w.org\/{rel}","templated":true}]}}